{"id":14,"date":"2014-01-04T13:23:32","date_gmt":"2014-01-04T11:23:32","guid":{"rendered":"http:\/\/www.mainosanttila.fi\/wp\/?page_id=14"},"modified":"2014-01-18T01:43:53","modified_gmt":"2014-01-17T23:43:53","slug":"kierratys","status":"publish","type":"page","link":"https:\/\/www.tapanilanauto.fi\/?page_id=14","title":{"rendered":"Kierr\u00e4tys"},"content":{"rendered":"<h6>Ajoneuvojen Kierr\u00e4tys<\/h6>\n<p>Tapanilan Auto ottaa vastaan ja loppuk\u00e4sittelee k\u00e4yt\u00f6st\u00e4 poistettettavat ajoneuvot ja muut erikoisajoneuvot. K\u00e4sittely tapahtuu romuajoneuvodirektiivin mukaisesti ja on asiakkaalle veloitukseton. Tapanilan Auto tekee yhteisty\u00f6t\u00e4 Kuusakoski Oy:n kanssa jolla on auktorisoitu ja ymp\u00e4rist\u00f6 sertifioitu maankattava palveluverkosto.<\/p>\n<p>Palvelupisteess\u00e4 ajoneuvo tunnistetaan ja siit\u00e4 tarkistetaan rekister\u00f6intitiedot. Samalla omistajalle tai luovuttajalle annetaan romutustodistus. Omistajan \/ luovuttajan vastuu ajoneuvosta p\u00e4\u00e4ttyy t\u00e4h\u00e4n ja tarvittavat tiedot l\u00e4het\u00e4\u00e4n Akelle(AKE) rekisterist\u00e4 poistoa varten.<\/p>\n<p><strong>Asiakkaalle noutopalvelu on ilmainen Kuopion alueella. Kysy palvelupisteest\u00e4mme tarkempaa tietoa.<\/strong><\/p>\n<p>Tapanilan Auto toimittaa yhteisteisty\u00f6ss\u00e4 Kuusakosken kanssa osan kierr\u00e4tykseen menevist\u00e4 autoista Pelastuopiston harjoitusalueelle. Pelastusopisto kouluttaa palo-alan ammattilaisia toimimaan oikein kolari- ja muissa onnettumuustilanteissa mit\u00e4 tapahtuu liikenteess\u00e4.<\/p>\n<p><strong>Tapanilan Auton palvelut vastaanottopisteess\u00e4:<\/strong><\/p>\n<p>Mit\u00e4 Tapanilan Auton tekee ajoneuvollesi kun se on poistettu rekisterist\u00e4? Ajoneuvosta poistetaan ongelmaj\u00e4tteet, joihin kuuluvat:<\/p>\n<ul>\n<li>\u00f6ljyt<\/li>\n<li>j\u00e4\u00e4hdytysnesteet<\/li>\n<li>akku<\/li>\n<li>renkaat<\/li>\n<li>polttoaineet<\/li>\n<li>jarrunesteet<\/li>\n<li>lasipesunesteet<\/li>\n<\/ul>\n<p>Kaikki ymp\u00e4rist\u00f6lle haitalliset nesteet \/ muut osat k\u00e4sitell\u00e4\u00e4n ymp\u00e4rist\u00f6sertifikaattien vaatimusten mukaisesti. Tuo ajoneuvosi meille, s\u00e4\u00e4st\u00e4t samalla my\u00f6s luontoa.<\/p>\n<p><strong>Miten etenet ajoneuvosi kierr\u00e4tyksess\u00e4?<\/strong><\/p>\n<ul>\n<li>Ota yhteytt\u00e4 palvelupisteeseemme.<\/li>\n<li>Ajoneuvon omistajan tekem\u00e4ll\u00e4 luovutustodistuksella auto voidaan vastaanottaa romutettavaksi.<\/li>\n<li>Ota mukaasi kaikki ajoneuvorekisteri paperit niin ajoneuvon romutukseen siirt\u00e4minen onnistuu helposti.<\/li>\n<li>My\u00f6s valtakirjalla on mahdollista luovuttaa auto romutukseen. Kysy t\u00e4st\u00e4 lis\u00e4\u00e4 palvelupisteest\u00e4mme.<\/li>\n<\/ul>\n","protected":false},"excerpt":{"rendered":"<p>Ajoneuvojen Kierr\u00e4tys Tapanilan Auto ottaa vastaan ja loppuk\u00e4sittelee k\u00e4yt\u00f6st\u00e4 poistettettavat ajoneuvot ja muut erikoisajoneuvot. K\u00e4sittely tapahtuu romuajoneuvodirektiivin mukaisesti ja on asiakkaalle veloitukseton. Tapanilan Auto tekee yhteisty\u00f6t\u00e4 Kuusakoski Oy:n kanssa jolla on auktorisoitu ja ymp\u00e4rist\u00f6 sertifioitu maankattava palveluverkosto. Palvelupisteess\u00e4 ajoneuvo tunnistetaan ja siit\u00e4 tarkistetaan rekister\u00f6intitiedot. Samalla omistajalle tai luovuttajalle annetaan romutustodistus. Omistajan \/ luovuttajan vastuu ajoneuvosta [&hellip;]<\/p>\n","protected":false},"author":1,"featured_media":0,"parent":57,"menu_order":0,"comment_status":"closed","ping_status":"closed","template":"","meta":[],"_links":{"self":[{"href":"https:\/\/www.tapanilanauto.fi\/index.php?rest_route=\/wp\/v2\/pages\/14"}],"collection":[{"href":"https:\/\/www.tapanilanauto.fi\/index.php?rest_route=\/wp\/v2\/pages"}],"about":[{"href":"https:\/\/www.tapanilanauto.fi\/index.php?rest_route=\/wp\/v2\/types\/page"}],"author":[{"embeddable":true,"href":"https:\/\/www.tapanilanauto.fi\/index.php?rest_route=\/wp\/v2\/users\/1"}],"replies":[{"embeddable":true,"href":"https:\/\/www.tapanilanauto.fi\/index.php?rest_route=%2Fwp%2Fv2%2Fcomments&post=14"}],"version-history":[{"count":1,"href":"https:\/\/www.tapanilanauto.fi\/index.php?rest_route=\/wp\/v2\/pages\/14\/revisions"}],"predecessor-version":[{"id":15,"href":"https:\/\/www.tapanilanauto.fi\/index.php?rest_route=\/wp\/v2\/pages\/14\/revisions\/15"}],"up":[{"embeddable":true,"href":"https:\/\/www.tapanilanauto.fi\/index.php?rest_route=\/wp\/v2\/pages\/57"}],"wp:attachment":[{"href":"https:\/\/www.tapanilanauto.fi\/index.php?rest_route=%2Fwp%2Fv2%2Fmedia&parent=14"}],"curies":[{"name":"wp","href":"https:\/\/api.w.org\/{rel}","templated":true}]}}