{"id":44,"date":"2014-01-18T01:21:24","date_gmt":"2014-01-17T23:21:24","guid":{"rendered":"http:\/\/www.mainosanttila.fi\/wp\/?page_id=44"},"modified":"2023-01-04T07:50:47","modified_gmt":"2023-01-04T05:50:47","slug":"yhteystiedot","status":"publish","type":"page","link":"https:\/\/www.tapanilanauto.fi\/?page_id=44","title":{"rendered":"Yhteystiedot"},"content":{"rendered":"<p><strong>Tapanilan Auto Oy<\/strong><br \/>\nPuh: 017 361 1124<br \/>\nFax: 017 361 2805<br \/>\nS\u00e4hk\u00f6posti: <a href=\"mailto:varaosamyynti@tapanilanauto.fi\">varaosamyynti(at)tapanilanauto.fi<\/a><br \/>\nPosti- ja k\u00e4yntiosoite: Mestarinkatu 7, 70700 Kuopio<br \/>\nAvoinna: Ma-to 08-17, Pe 08-16<\/p>\n","protected":false},"excerpt":{"rendered":"<p>Tapanilan Auto Oy Puh: 017 361 1124 Fax: 017 361 2805 S\u00e4hk\u00f6posti: varaosamyynti(at)tapanilanauto.fi Posti- ja k\u00e4yntiosoite: Mestarinkatu 7, 70700 Kuopio Avoinna: Ma-to 08-17, Pe 08-16<\/p>\n","protected":false},"author":2,"featured_media":0,"parent":0,"menu_order":0,"comment_status":"closed","ping_status":"open","template":"","meta":[],"_links":{"self":[{"href":"https:\/\/www.tapanilanauto.fi\/index.php?rest_route=\/wp\/v2\/pages\/44"}],"collection":[{"href":"https:\/\/www.tapanilanauto.fi\/index.php?rest_route=\/wp\/v2\/pages"}],"about":[{"href":"https:\/\/www.tapanilanauto.fi\/index.php?rest_route=\/wp\/v2\/types\/page"}],"author":[{"embeddable":true,"href":"https:\/\/www.tapanilanauto.fi\/index.php?rest_route=\/wp\/v2\/users\/2"}],"replies":[{"embeddable":true,"href":"https:\/\/www.tapanilanauto.fi\/index.php?rest_route=%2Fwp%2Fv2%2Fcomments&post=44"}],"version-history":[{"count":9,"href":"https:\/\/www.tapanilanauto.fi\/index.php?rest_route=\/wp\/v2\/pages\/44\/revisions"}],"predecessor-version":[{"id":4554,"href":"https:\/\/www.tapanilanauto.fi\/index.php?rest_route=\/wp\/v2\/pages\/44\/revisions\/4554"}],"wp:attachment":[{"href":"https:\/\/www.tapanilanauto.fi\/index.php?rest_route=%2Fwp%2Fv2%2Fmedia&parent=44"}],"curies":[{"name":"wp","href":"https:\/\/api.w.org\/{rel}","templated":true}]}}