{"id":57,"date":"2014-01-18T01:40:44","date_gmt":"2014-01-17T23:40:44","guid":{"rendered":"http:\/\/www.mainosanttila.fi\/wp\/?page_id=57"},"modified":"2014-01-31T10:48:18","modified_gmt":"2014-01-31T08:48:18","slug":"yritys","status":"publish","type":"page","link":"https:\/\/www.tapanilanauto.fi\/?page_id=57","title":{"rendered":"Yritys"},"content":{"rendered":"<p><strong>Autopurkamo Tapanilan Auto<\/strong><\/p>\n<p>Autopurkamo Tapanilan Auto on perustettu vuonna 1970. Nykyisess\u00e4 osoitteessa Mestarinkatu 7, Kuopio, olemme toimineet vuodesta 1980 alkaen. Autopurkamo Tapanilan Auton sijainti on Kuopio, aivan valtatie 5:n vieress\u00e4. <a href=\"\/yhteystiedot\/\" title=\"Yhteystiedot\">Katso ajo-ohje ja tarkemmat yhteystiedot t\u00e4\u00e4lt\u00e4<\/a>. Meill\u00e4 on katettua hallitilaa 3000 neli\u00f6metri\u00e4 ja piha-alueet asfaltoitu . Purettavat autot k\u00e4sittelemme EU m\u00e4\u00e4r\u00e4ysten mukaisesti.<\/p>\n<p><strong>Mist\u00e4 hankimme auton varaosat?<\/strong><\/p>\n<p>P\u00e4\u00e4asiallinen hankintapaikkamme on vakuutus- yhti\u00f6iden yhteisvarasto . Lis\u00e4ksi tuomme jatkuvasti varaosia Saksasta ja Hollannista. Sielt\u00e4 saamme varaosat my\u00f6s uusimpiin ja harvinaisimpiin automalleihin, joihin ei viel\u00e4 ole Suomesta purkuosia saatavilla. Keski-Euroopasta tuotavat t\u00e4rkeimm\u00e4t varaosat ovat auton moottori ja vaihdelaatikko.<\/p>\n<p>Etsi tarvitsemasi varaosa nopeasti <a href=\"http:\/\/www.varaosahaku.fi\/?index=stock&amp;company_id=826\" target=\"_blank\">varaosahaulla<\/a>. Ellet l\u00f6yd\u00e4 sielt\u00e4 sopivaa osaa, soita tai j\u00e4t\u00e4 soittopyynt\u00f6, ehk\u00e4 l\u00f6yd\u00e4mme osan kuitenkin. Suuren vaihtuvuuden takia emme ehdi laittaa aivan kaikkia osia varaosahaku j\u00e4rjestelm\u00e4\u00e4mme.<\/p>\n<p>Katso l\u00f6yt\u00f6torimme, josta n\u00e4et p\u00e4iv\u00e4n tarjoukset sek\u00e4 erikoisemmat osat. Katso my\u00f6s purkuun tulevat autot. Niit\u00e4 emme ole viel\u00e4 ehtineet purkaa, mutta my\u00f6s niiden osat ovat saatavilla. Pyrimme l\u00e4hett\u00e4m\u00e4\u00e4n kaikki auton varaosat samana p\u00e4iv\u00e4n\u00e4 joten osat ovat jo seuraavana p\u00e4iv\u00e4n\u00e4 asiakkaalla. Ota yhteytt\u00e4, palveleva henkil\u00f6kuntamme auttaa mielell\u00e4\u00e4n.<\/p>\n<p>Autopurkamo Tapanilan Auto tarjoaa nopeaa ja laadukasta palvelua. Varmat toimitukset ja vaihtotakuu varmistavat asiakkaiden tyytyv\u00e4isyyden.<\/p>\n","protected":false},"excerpt":{"rendered":"<p>Autopurkamo Tapanilan Auto Autopurkamo Tapanilan Auto on perustettu vuonna 1970. Nykyisess\u00e4 osoitteessa Mestarinkatu 7, Kuopio, olemme toimineet vuodesta 1980 alkaen. Autopurkamo Tapanilan Auton sijainti on Kuopio, aivan valtatie 5:n vieress\u00e4. Katso ajo-ohje ja tarkemmat yhteystiedot t\u00e4\u00e4lt\u00e4. Meill\u00e4 on katettua hallitilaa 3000 neli\u00f6metri\u00e4 ja piha-alueet asfaltoitu . Purettavat autot k\u00e4sittelemme EU m\u00e4\u00e4r\u00e4ysten mukaisesti. Mist\u00e4 hankimme auton [&hellip;]<\/p>\n","protected":false},"author":4,"featured_media":0,"parent":0,"menu_order":0,"comment_status":"closed","ping_status":"open","template":"","meta":[],"_links":{"self":[{"href":"https:\/\/www.tapanilanauto.fi\/index.php?rest_route=\/wp\/v2\/pages\/57"}],"collection":[{"href":"https:\/\/www.tapanilanauto.fi\/index.php?rest_route=\/wp\/v2\/pages"}],"about":[{"href":"https:\/\/www.tapanilanauto.fi\/index.php?rest_route=\/wp\/v2\/types\/page"}],"author":[{"embeddable":true,"href":"https:\/\/www.tapanilanauto.fi\/index.php?rest_route=\/wp\/v2\/users\/4"}],"replies":[{"embeddable":true,"href":"https:\/\/www.tapanilanauto.fi\/index.php?rest_route=%2Fwp%2Fv2%2Fcomments&post=57"}],"version-history":[{"count":10,"href":"https:\/\/www.tapanilanauto.fi\/index.php?rest_route=\/wp\/v2\/pages\/57\/revisions"}],"predecessor-version":[{"id":1390,"href":"https:\/\/www.tapanilanauto.fi\/index.php?rest_route=\/wp\/v2\/pages\/57\/revisions\/1390"}],"wp:attachment":[{"href":"https:\/\/www.tapanilanauto.fi\/index.php?rest_route=%2Fwp%2Fv2%2Fmedia&parent=57"}],"curies":[{"name":"wp","href":"https:\/\/api.w.org\/{rel}","templated":true}]}}